{"id":4463,"date":"2024-05-05T14:44:44","date_gmt":"2024-05-05T20:44:44","guid":{"rendered":"https:\/\/instadeliverypr.com\/?post_type=product&#038;p=4463"},"modified":"2025-11-24T16:00:16","modified_gmt":"2025-11-24T22:00:16","slug":"camaras-de-seguridad-wifi-electricas","status":"publish","type":"product","link":"https:\/\/instadeliverypr.com\/en\/product\/camaras-de-seguridad-wifi-electricas\/","title":{"rendered":"Camaras de Seguridad WiFi Electricas"},"content":{"rendered":"","protected":false},"excerpt":{"rendered":"<p style=\"text-align: left;\"><span class=\"\">-Env\u00edo gratis a su direcci\u00f3n postal \ud83d\udce6\ud83c\udfe0<br \/>\n-Monitoreo en vivo gratis \u2705<br \/>\n-Es a prueba de agua \u2705<br \/>\n-Cuenta con detecci\u00f3n de movimiento, visi\u00f3n nocturna, conectividad inal\u00e1mbrica y mucho m\u00e1s \ud83d\udedc <\/span><\/p>","protected":false},"featured_media":4464,"comment_status":"open","ping_status":"closed","template":"","meta":[],"product_cat":[200],"product_tag":[],"class_list":{"0":"post-4463","1":"product","2":"type-product","3":"status-publish","4":"has-post-thumbnail","6":"product_cat-camaras","8":"first","9":"instock","10":"sale","11":"taxable","12":"shipping-taxable","13":"purchasable","14":"product-type-variable","15":"col-xs-6 col-sm-4","16":"col-md-3 col-lg-3","17":"un-4-cols"},"jetpack_sharing_enabled":true,"_links":{"self":[{"href":"https:\/\/instadeliverypr.com\/en\/wp-json\/wp\/v2\/product\/4463","targetHints":{"allow":["GET"]}}],"collection":[{"href":"https:\/\/instadeliverypr.com\/en\/wp-json\/wp\/v2\/product"}],"about":[{"href":"https:\/\/instadeliverypr.com\/en\/wp-json\/wp\/v2\/types\/product"}],"replies":[{"embeddable":true,"href":"https:\/\/instadeliverypr.com\/en\/wp-json\/wp\/v2\/comments?post=4463"}],"wp:featuredmedia":[{"embeddable":true,"href":"https:\/\/instadeliverypr.com\/en\/wp-json\/wp\/v2\/media\/4464"}],"wp:attachment":[{"href":"https:\/\/instadeliverypr.com\/en\/wp-json\/wp\/v2\/media?parent=4463"}],"wp:term":[{"taxonomy":"product_cat","embeddable":true,"href":"https:\/\/instadeliverypr.com\/en\/wp-json\/wp\/v2\/product_cat?post=4463"},{"taxonomy":"product_tag","embeddable":true,"href":"https:\/\/instadeliverypr.com\/en\/wp-json\/wp\/v2\/product_tag?post=4463"}],"curies":[{"name":"wp","href":"https:\/\/api.w.org\/{rel}","templated":true}]}}