{"id":4435,"date":"2024-03-20T02:55:56","date_gmt":"2024-03-20T08:55:56","guid":{"rendered":"https:\/\/instadeliverypr.com\/?post_type=product&#038;p=4435"},"modified":"2025-06-15T12:58:06","modified_gmt":"2025-06-15T18:58:06","slug":"camara-wi-fi-solar","status":"publish","type":"product","link":"https:\/\/instadeliverypr.com\/en\/product\/camara-wi-fi-solar\/","title":{"rendered":"Cam\u00e1ra Wi-Fi Solar"},"content":{"rendered":"","protected":false},"excerpt":{"rendered":"<p><span class=\"\">Incluyen Tarjeta de Memoria de 64GB \u2705<br \/>\nIdeal para uso en entornos exteriores donde el acceso a electricidad es limitado \ud83d\udd0c\u274c<br \/>\nObtenga monitoreo en vivo TOTALMENTE GRATIS \ud83c\udfa5<br \/>\nTiene funciones como detecci\u00f3n de movimiento, visi\u00f3n nocturna, conectividad inal\u00e1mbrica, y muchos m\u00e1s \u2705<\/span><\/p>","protected":false},"featured_media":4436,"comment_status":"open","ping_status":"closed","template":"","meta":[],"product_cat":[200],"product_tag":[],"class_list":{"0":"post-4435","1":"product","2":"type-product","3":"status-publish","4":"has-post-thumbnail","6":"product_cat-camaras","8":"first","9":"outofstock","10":"sale","11":"taxable","12":"shipping-taxable","13":"purchasable","14":"product-type-variable","15":"col-xs-6 col-sm-4","16":"col-md-3 col-lg-3","17":"un-4-cols"},"jetpack_sharing_enabled":true,"_links":{"self":[{"href":"https:\/\/instadeliverypr.com\/en\/wp-json\/wp\/v2\/product\/4435","targetHints":{"allow":["GET"]}}],"collection":[{"href":"https:\/\/instadeliverypr.com\/en\/wp-json\/wp\/v2\/product"}],"about":[{"href":"https:\/\/instadeliverypr.com\/en\/wp-json\/wp\/v2\/types\/product"}],"replies":[{"embeddable":true,"href":"https:\/\/instadeliverypr.com\/en\/wp-json\/wp\/v2\/comments?post=4435"}],"wp:featuredmedia":[{"embeddable":true,"href":"https:\/\/instadeliverypr.com\/en\/wp-json\/wp\/v2\/media\/4436"}],"wp:attachment":[{"href":"https:\/\/instadeliverypr.com\/en\/wp-json\/wp\/v2\/media?parent=4435"}],"wp:term":[{"taxonomy":"product_cat","embeddable":true,"href":"https:\/\/instadeliverypr.com\/en\/wp-json\/wp\/v2\/product_cat?post=4435"},{"taxonomy":"product_tag","embeddable":true,"href":"https:\/\/instadeliverypr.com\/en\/wp-json\/wp\/v2\/product_tag?post=4435"}],"curies":[{"name":"wp","href":"https:\/\/api.w.org\/{rel}","templated":true}]}}