{"id":4100,"date":"2023-03-06T14:04:23","date_gmt":"2023-03-06T20:04:23","guid":{"rendered":"https:\/\/instadeliverypr.com\/?post_type=product&#038;p=4100"},"modified":"2026-02-11T13:03:39","modified_gmt":"2026-02-11T19:03:39","slug":"cepillo-en-silicon-para-banar-mascotas","status":"publish","type":"product","link":"https:\/\/instadeliverypr.com\/en\/product\/cepillo-en-silicon-para-banar-mascotas\/","title":{"rendered":"Cepillo en Silic\u00f3n para Ba\u00f1ar Mascotas"},"content":{"rendered":"","protected":false},"excerpt":{"rendered":"<p>\n\u00bfCansado\/a de pasar tanto trabajo ba\u00f1ando a tu mascota, especialmente al momento de aplicar el shampoo? \ud83d\udc36\ud83d\udec1<br \/>\nEste <strong>cepillo en silic\u00f3n 2-en-1<\/strong> te permite aplicar el shampoo, masajear y enjuagar <strong>al mismo tiempo<\/strong>, haciendo el ba\u00f1o m\u00e1s f\u00e1cil y menos estresante para tu mascota.\n<\/p>\n<p style=\"margin-top:12px;\">\n<ul style=\"margin-top:10px;\">\n<li>\u2714\ufe0f Distribuye el shampoo de forma uniforme<\/li>\n<li>\u2714\ufe0f Reduce el reguero de agua<\/li>\n<li>\u2714\ufe0f Ahorra tiempo en cada ba\u00f1o<\/li>\n<li>\u2714\ufe0f Ideal para perros y gatos \ud83d\udc3e<\/li>\n<\/ul>\n<p style=\"margin-top:12px;\">\n\ud83d\ude9a <strong>Env\u00edos GRATIS a todo Puerto Rico<\/strong><\/p>","protected":false},"featured_media":4101,"comment_status":"open","ping_status":"closed","template":"","meta":[],"product_cat":[197],"product_tag":[],"class_list":{"0":"post-4100","1":"product","2":"type-product","3":"status-publish","4":"has-post-thumbnail","6":"product_cat-nuevos-productos","8":"first","9":"instock","10":"taxable","11":"shipping-taxable","12":"purchasable","13":"product-type-variable","14":"col-xs-6 col-sm-4","15":"col-md-3 col-lg-3","16":"un-4-cols"},"jetpack_sharing_enabled":true,"_links":{"self":[{"href":"https:\/\/instadeliverypr.com\/en\/wp-json\/wp\/v2\/product\/4100","targetHints":{"allow":["GET"]}}],"collection":[{"href":"https:\/\/instadeliverypr.com\/en\/wp-json\/wp\/v2\/product"}],"about":[{"href":"https:\/\/instadeliverypr.com\/en\/wp-json\/wp\/v2\/types\/product"}],"replies":[{"embeddable":true,"href":"https:\/\/instadeliverypr.com\/en\/wp-json\/wp\/v2\/comments?post=4100"}],"wp:featuredmedia":[{"embeddable":true,"href":"https:\/\/instadeliverypr.com\/en\/wp-json\/wp\/v2\/media\/4101"}],"wp:attachment":[{"href":"https:\/\/instadeliverypr.com\/en\/wp-json\/wp\/v2\/media?parent=4100"}],"wp:term":[{"taxonomy":"product_cat","embeddable":true,"href":"https:\/\/instadeliverypr.com\/en\/wp-json\/wp\/v2\/product_cat?post=4100"},{"taxonomy":"product_tag","embeddable":true,"href":"https:\/\/instadeliverypr.com\/en\/wp-json\/wp\/v2\/product_tag?post=4100"}],"curies":[{"name":"wp","href":"https:\/\/api.w.org\/{rel}","templated":true}]}}